{"id":409,"date":"2019-11-11T08:37:45","date_gmt":"2019-11-11T08:37:45","guid":{"rendered":"https:\/\/demo.casethemes.net\/consultio-corporate2\/?page_id=409"},"modified":"2025-12-01T09:55:51","modified_gmt":"2025-12-01T09:55:51","slug":"services-v-2","status":"publish","type":"page","link":"https:\/\/gpsseguranca.ao\/index.php\/services-v-2\/","title":{"rendered":"Nossos servi\u00e7os"},"content":{"rendered":"\t\t<div data-elementor-type=\"wp-page\" data-elementor-id=\"409\" class=\"elementor elementor-409\" data-elementor-post-type=\"page\">\n\t\t\t\t        <section class=\"elementor-section elementor-top-section elementor-element elementor-element-b72d907 elementor-section-stretched elementor-section-boxed elementor-section-height-default elementor-section-height-default ct-header-fixed-none ct-row-max-none\" data-id=\"b72d907\" data-element_type=\"section\" data-settings=\"{&quot;stretch_section&quot;:&quot;section-stretched&quot;,&quot;background_background&quot;:&quot;classic&quot;}\">\n            \n                        <div class=\"elementor-container elementor-column-gap-narrow \">\n                    <div class=\"elementor-column elementor-col-33 elementor-top-column elementor-element elementor-element-b8cd3a3 elementor-invisible\" data-id=\"b8cd3a3\" data-element_type=\"column\" data-settings=\"{&quot;animation&quot;:&quot;zoomIn&quot;,&quot;background_background&quot;:&quot;classic&quot;}\">\n        <div class=\"elementor-widget-wrap elementor-element-populated\">\n                    \n        \t\t<div class=\"elementor-element elementor-element-f236fbb elementor-widget elementor-widget-image\" data-id=\"f236fbb\" data-element_type=\"widget\" data-widget_type=\"image.default\">\n\t\t\t\t<div class=\"elementor-widget-container\">\n\t\t\t<style>\/*! elementor - v3.23.0 - 05-08-2024 *\/\n.elementor-widget-image{text-align:center}.elementor-widget-image a{display:inline-block}.elementor-widget-image a img[src$=\".svg\"]{width:48px}.elementor-widget-image img{vertical-align:middle;display:inline-block}<\/style>\t\t\t\t\t\t\t\t\t\t<img fetchpriority=\"high\" decoding=\"async\" width=\"600\" height=\"450\" src=\"https:\/\/gpsseguranca.ao\/wp-content\/uploads\/2025\/11\/seg-600x450.jpg\" class=\"attachment-consultio-medium size-consultio-medium wp-image-5878\" alt=\"\" \/>\t\t\t\t\t\t\t\t\t\t\t\t\t<\/div>\n\t\t\t\t<\/div>\n\t\t\t\t<div class=\"elementor-element elementor-element-8cca418 elementor-widget elementor-widget-ct_heading\" data-id=\"8cca418\" data-element_type=\"widget\" data-widget_type=\"ct_heading.default\">\n\t\t\t\t<div class=\"elementor-widget-container\">\n\t\t\t<div class=\"ct-heading h-align-center  sub-style1 ct-heading-left item-st-default\">\r\n\t    <h4 class=\"item--title st-default \" data-wow-delay=\"ms\">\r\n                <span class=\"sp-main\">\r\n            \r\n            Seguran\u00e7a F\u00edsica e Patrimonial\r\n            \r\n                    <\/span>\r\n            <\/h4>\r\n<\/div>\t\t<\/div>\n\t\t\t\t<\/div>\n\t\t\t\t<div class=\"elementor-element elementor-element-9a6035c elementor-widget elementor-widget-text-editor\" data-id=\"9a6035c\" data-element_type=\"widget\" data-widget_type=\"text-editor.default\">\n\t\t\t\t<div class=\"elementor-widget-container\">\n\t\t\t<style>\/*! elementor - v3.23.0 - 05-08-2024 *\/\n.elementor-widget-text-editor.elementor-drop-cap-view-stacked .elementor-drop-cap{background-color:#69727d;color:#fff}.elementor-widget-text-editor.elementor-drop-cap-view-framed .elementor-drop-cap{color:#69727d;border:3px solid;background-color:transparent}.elementor-widget-text-editor:not(.elementor-drop-cap-view-default) .elementor-drop-cap{margin-top:8px}.elementor-widget-text-editor:not(.elementor-drop-cap-view-default) .elementor-drop-cap-letter{width:1em;height:1em}.elementor-widget-text-editor .elementor-drop-cap{float:left;text-align:center;line-height:1;font-size:50px}.elementor-widget-text-editor .elementor-drop-cap-letter{display:inline-block}<\/style>\t\t\t\t<p style=\"text-align: justify;margin-bottom: 49px;\">Protegemos resid\u00eancias, escrit\u00f3rios, empresas e infraestruturas diversas com vigil\u00e2ncia 24h, controlo de acessos e presen\u00e7a de profissionais treinados. Os nossos servi\u00e7os s\u00e3o personalizados conforme o\ntipo de espa\u00e7o e o n\u00edvel de seguran\u00e7a necess\u00e1ria.<\/p>\t\t\t\t\t\t<\/div>\n\t\t\t\t<\/div>\n\t\t\t\t<div class=\"elementor-element elementor-element-fd4e61d elementor-align-center elementor-widget elementor-widget-ct_button\" data-id=\"fd4e61d\" data-element_type=\"widget\" data-widget_type=\"ct_button.default\">\n\t\t\t\t<div class=\"elementor-widget-container\">\n\t\t\t<div class=\"ct-button-wrapper ct-button-layout1 icon- btn--inline \">\r\n            <span class=\"ct-icon-active\"><\/span>\r\n        <a href=\"https:\/\/gpsseguranca.ao\/index.php\/contact-v-4\/\" class=\"btn btn-default icon-active btn-inline-block  \" data-wow-delay=\"ms\">\r\n                            <span class=\"ct-button-icon ct-align-icon-\">\r\n                            <\/span>\r\n                <span class=\"ct-button-text\">Contate-nos hoje<\/span>\r\n    <\/a>\r\n<\/div>\t\t<\/div>\n\t\t\t\t<\/div>\n\t\t            <\/div>\n        <\/div>\n                <div class=\"elementor-column elementor-col-33 elementor-top-column elementor-element elementor-element-899ebc4 elementor-invisible\" data-id=\"899ebc4\" data-element_type=\"column\" data-settings=\"{&quot;animation&quot;:&quot;zoomIn&quot;,&quot;background_background&quot;:&quot;classic&quot;}\">\n        <div class=\"elementor-widget-wrap elementor-element-populated\">\n                    \n        \t\t<div class=\"elementor-element elementor-element-a96384e elementor-widget elementor-widget-image\" data-id=\"a96384e\" data-element_type=\"widget\" data-widget_type=\"image.default\">\n\t\t\t\t<div class=\"elementor-widget-container\">\n\t\t\t\t\t\t\t\t\t\t\t\t\t<img decoding=\"async\" width=\"600\" height=\"450\" src=\"https:\/\/gpsseguranca.ao\/wp-content\/uploads\/2025\/11\/GPS-002-600x450.jpg\" class=\"attachment-consultio-medium size-consultio-medium wp-image-6007\" alt=\"\" \/>\t\t\t\t\t\t\t\t\t\t\t\t\t<\/div>\n\t\t\t\t<\/div>\n\t\t\t\t<div class=\"elementor-element elementor-element-33f2782 elementor-widget elementor-widget-ct_heading\" data-id=\"33f2782\" data-element_type=\"widget\" data-widget_type=\"ct_heading.default\">\n\t\t\t\t<div class=\"elementor-widget-container\">\n\t\t\t<div class=\"ct-heading h-align-center  sub-style1 ct-heading-left item-st-default\">\r\n\t    <h4 class=\"item--title st-default \" data-wow-delay=\"ms\">\r\n                <span class=\"sp-main\">\r\n            \r\n            Escolta de Valores\r\n            \r\n                    <\/span>\r\n            <\/h4>\r\n<\/div>\t\t<\/div>\n\t\t\t\t<\/div>\n\t\t\t\t<div class=\"elementor-element elementor-element-d9dab28 elementor-widget elementor-widget-text-editor\" data-id=\"d9dab28\" data-element_type=\"widget\" data-widget_type=\"text-editor.default\">\n\t\t\t\t<div class=\"elementor-widget-container\">\n\t\t\t\t\t\t\t&nbsp;\n<p style=\"text-align: justify;margin-bottom: 75px;\">Garantimos o transporte seguro de dinheiro, documentos importantes, j\u00f3ias e outros bens de elevado valor. Actuamos com discri\u00e7\u00e3o, rotas planeadas e escolta armada, reduzindo os riscos durante todo o\npercurso.<\/p>\t\t\t\t\t\t<\/div>\n\t\t\t\t<\/div>\n\t\t\t\t<div class=\"elementor-element elementor-element-bd6b9aa elementor-align-center elementor-widget__width-initial elementor-widget elementor-widget-ct_button\" data-id=\"bd6b9aa\" data-element_type=\"widget\" data-widget_type=\"ct_button.default\">\n\t\t\t\t<div class=\"elementor-widget-container\">\n\t\t\t<div class=\"ct-button-wrapper ct-button-layout1 icon- btn--inline \">\r\n            <span class=\"ct-icon-active\"><\/span>\r\n        <a href=\"https:\/\/gpsseguranca.ao\/index.php\/contact-v-4\/\" class=\"btn btn-default icon-active btn-inline-block  \" data-wow-delay=\"ms\">\r\n                            <span class=\"ct-button-icon ct-align-icon-\">\r\n                            <\/span>\r\n                <span class=\"ct-button-text\">Contate-nos hoje<\/span>\r\n    <\/a>\r\n<\/div>\t\t<\/div>\n\t\t\t\t<\/div>\n\t\t            <\/div>\n        <\/div>\n                <div class=\"elementor-column elementor-col-33 elementor-top-column elementor-element elementor-element-6217dfa elementor-invisible\" data-id=\"6217dfa\" data-element_type=\"column\" data-settings=\"{&quot;animation&quot;:&quot;zoomIn&quot;,&quot;background_background&quot;:&quot;classic&quot;}\">\n        <div class=\"elementor-widget-wrap elementor-element-populated\">\n                    \n        \t\t<div class=\"elementor-element elementor-element-267ade9 elementor-widget elementor-widget-image\" data-id=\"267ade9\" data-element_type=\"widget\" data-widget_type=\"image.default\">\n\t\t\t\t<div class=\"elementor-widget-container\">\n\t\t\t\t\t\t\t\t\t\t\t\t\t<img decoding=\"async\" width=\"600\" height=\"450\" src=\"https:\/\/gpsseguranca.ao\/wp-content\/uploads\/2025\/12\/EscolaPessoal-Site-600x450.jpg\" class=\"attachment-consultio-medium size-consultio-medium wp-image-6088\" alt=\"\" \/>\t\t\t\t\t\t\t\t\t\t\t\t\t<\/div>\n\t\t\t\t<\/div>\n\t\t\t\t<div class=\"elementor-element elementor-element-c5e2110 elementor-widget elementor-widget-ct_heading\" data-id=\"c5e2110\" data-element_type=\"widget\" data-widget_type=\"ct_heading.default\">\n\t\t\t\t<div class=\"elementor-widget-container\">\n\t\t\t<div class=\"ct-heading h-align-center  sub-style1 ct-heading-left item-st-default\">\r\n\t    <h4 class=\"item--title st-default \" data-wow-delay=\"ms\">\r\n                <span class=\"sp-main\">\r\n            \r\n            Escolta Pessoal (Guarda-Costas)\r\n            \r\n                    <\/span>\r\n            <\/h4>\r\n<\/div>\t\t<\/div>\n\t\t\t\t<\/div>\n\t\t\t\t<div class=\"elementor-element elementor-element-67ae3b0 elementor-widget elementor-widget-text-editor\" data-id=\"67ae3b0\" data-element_type=\"widget\" data-widget_type=\"text-editor.default\">\n\t\t\t\t<div class=\"elementor-widget-container\">\n\t\t\t\t\t\t\t<p style=\"text-align: justify; margin-bottom: 46px;\">Disponibilizamos protec\u00e7\u00e3o individual com agentes capacitados para acompanhar executivos, autoridades, figuras p\u00fablicas ou qualquer pessoa que necessite de seguran\u00e7a dedicada. Actuamos com discri\u00e7\u00e3o, preven\u00e7\u00e3o e resposta r\u00e1pida a qualquer amea\u00e7a.<\/p>\t\t\t\t\t\t<\/div>\n\t\t\t\t<\/div>\n\t\t\t\t<div class=\"elementor-element elementor-element-ae37461 elementor-align-center elementor-widget elementor-widget-ct_button\" data-id=\"ae37461\" data-element_type=\"widget\" data-widget_type=\"ct_button.default\">\n\t\t\t\t<div class=\"elementor-widget-container\">\n\t\t\t<div class=\"ct-button-wrapper ct-button-layout1 icon- btn--inline \">\r\n            <span class=\"ct-icon-active\"><\/span>\r\n        <a href=\"https:\/\/gpsseguranca.ao\/index.php\/contact-v-4\/\" class=\"btn btn-default icon-active btn-inline-block  \" data-wow-delay=\"ms\">\r\n                            <span class=\"ct-button-icon ct-align-icon-\">\r\n                            <\/span>\r\n                <span class=\"ct-button-text\">Contate-nos hoje<\/span>\r\n    <\/a>\r\n<\/div>\t\t<\/div>\n\t\t\t\t<\/div>\n\t\t            <\/div>\n        <\/div>\n                    <\/div>\n        <\/section>\n                <section class=\"elementor-section elementor-top-section elementor-element elementor-element-81ce787 elementor-section-stretched elementor-section-boxed elementor-section-height-default elementor-section-height-default ct-header-fixed-none ct-row-max-none\" data-id=\"81ce787\" data-element_type=\"section\" data-settings=\"{&quot;stretch_section&quot;:&quot;section-stretched&quot;,&quot;background_background&quot;:&quot;classic&quot;}\">\n            \n                        <div class=\"elementor-container elementor-column-gap-narrow \">\n                    <div class=\"elementor-column elementor-col-33 elementor-top-column elementor-element elementor-element-ac2df16 elementor-invisible\" data-id=\"ac2df16\" data-element_type=\"column\" data-settings=\"{&quot;animation&quot;:&quot;zoomIn&quot;,&quot;background_background&quot;:&quot;classic&quot;}\">\n        <div class=\"elementor-widget-wrap elementor-element-populated\">\n                    \n        \t\t<div class=\"elementor-element elementor-element-68f42be elementor-widget elementor-widget-image\" data-id=\"68f42be\" data-element_type=\"widget\" data-widget_type=\"image.default\">\n\t\t\t\t<div class=\"elementor-widget-container\">\n\t\t\t\t\t\t\t\t\t\t\t\t\t<img loading=\"lazy\" decoding=\"async\" width=\"600\" height=\"450\" src=\"https:\/\/gpsseguranca.ao\/wp-content\/uploads\/2025\/11\/transfer-600x450.jpg\" class=\"attachment-consultio-medium size-consultio-medium wp-image-5877\" alt=\"\" \/>\t\t\t\t\t\t\t\t\t\t\t\t\t<\/div>\n\t\t\t\t<\/div>\n\t\t\t\t<div class=\"elementor-element elementor-element-5065c14 elementor-widget elementor-widget-ct_heading\" data-id=\"5065c14\" data-element_type=\"widget\" data-widget_type=\"ct_heading.default\">\n\t\t\t\t<div class=\"elementor-widget-container\">\n\t\t\t<div class=\"ct-heading h-align-center  sub-style1 ct-heading-left item-st-default\">\r\n\t    <h4 class=\"item--title st-default \" data-wow-delay=\"ms\">\r\n                <span class=\"sp-main\">\r\n            \r\n            Transfers\r\n            \r\n                    <\/span>\r\n            <\/h4>\r\n<\/div>\t\t<\/div>\n\t\t\t\t<\/div>\n\t\t\t\t<div class=\"elementor-element elementor-element-863ceb7 elementor-widget elementor-widget-text-editor\" data-id=\"863ceb7\" data-element_type=\"widget\" data-widget_type=\"text-editor.default\">\n\t\t\t\t<div class=\"elementor-widget-container\">\n\t\t\t\t\t\t\t&nbsp;\n<p style=\"text-align: justify; margin-bottom:99px;\">Oferecemos um servi\u00e7o de transfer personalizado, com foco no conforto, seguran\u00e7a e comodidade. Atendemos desloca\u00e7\u00f5es para aeroportos, neg\u00f3cios ou eventos, com pontualidade, seguran\u00e7a e\nprofissionalismo em cada viagem.<\/p>\t\t\t\t\t\t<\/div>\n\t\t\t\t<\/div>\n\t\t\t\t<div class=\"elementor-element elementor-element-847d2aa elementor-align-center elementor-widget elementor-widget-ct_button\" data-id=\"847d2aa\" data-element_type=\"widget\" data-widget_type=\"ct_button.default\">\n\t\t\t\t<div class=\"elementor-widget-container\">\n\t\t\t<div class=\"ct-button-wrapper ct-button-layout1 icon- btn--inline \">\r\n            <span class=\"ct-icon-active\"><\/span>\r\n        <a href=\"https:\/\/gpsseguranca.ao\/index.php\/contact-v-4\/\" class=\"btn btn-default icon-active btn-inline-block  \" data-wow-delay=\"ms\">\r\n                            <span class=\"ct-button-icon ct-align-icon-\">\r\n                            <\/span>\r\n                <span class=\"ct-button-text\">Contate-nos hoje<\/span>\r\n    <\/a>\r\n<\/div>\t\t<\/div>\n\t\t\t\t<\/div>\n\t\t            <\/div>\n        <\/div>\n                <div class=\"elementor-column elementor-col-33 elementor-top-column elementor-element elementor-element-ea80dd7 elementor-invisible\" data-id=\"ea80dd7\" data-element_type=\"column\" data-settings=\"{&quot;animation&quot;:&quot;zoomIn&quot;,&quot;background_background&quot;:&quot;classic&quot;}\">\n        <div class=\"elementor-widget-wrap elementor-element-populated\">\n                    \n        \t\t<div class=\"elementor-element elementor-element-9035835 elementor-widget elementor-widget-image\" data-id=\"9035835\" data-element_type=\"widget\" data-widget_type=\"image.default\">\n\t\t\t\t<div class=\"elementor-widget-container\">\n\t\t\t\t\t\t\t\t\t\t\t\t\t<img loading=\"lazy\" decoding=\"async\" width=\"600\" height=\"450\" src=\"https:\/\/gpsseguranca.ao\/wp-content\/uploads\/2025\/11\/Ativo-11-600x450.png\" class=\"attachment-consultio-medium size-consultio-medium wp-image-6008\" alt=\"\" \/>\t\t\t\t\t\t\t\t\t\t\t\t\t<\/div>\n\t\t\t\t<\/div>\n\t\t\t\t<div class=\"elementor-element elementor-element-61bf183 elementor-widget elementor-widget-ct_heading\" data-id=\"61bf183\" data-element_type=\"widget\" data-widget_type=\"ct_heading.default\">\n\t\t\t\t<div class=\"elementor-widget-container\">\n\t\t\t<div class=\"ct-heading h-align-center  sub-style1 ct-heading-left item-st-default\">\r\n\t    <h4 class=\"item--title st-default \" data-wow-delay=\"ms\">\r\n                <span class=\"sp-main\">\r\n            \r\n            Seguran\u00e7a Especializada de Eventos\r\n            \r\n                    <\/span>\r\n            <\/h4>\r\n<\/div>\t\t<\/div>\n\t\t\t\t<\/div>\n\t\t\t\t<div class=\"elementor-element elementor-element-aaa372b elementor-widget elementor-widget-text-editor\" data-id=\"aaa372b\" data-element_type=\"widget\" data-widget_type=\"text-editor.default\">\n\t\t\t\t<div class=\"elementor-widget-container\">\n\t\t\t\t\t\t\t<p style=\"text-align: justify; margin-bottom: 67px;\">Oferecemos solu\u00e7\u00f5es de seguran\u00e7a sob medida para eventos de qualquer porte, com foco na preven\u00e7\u00e3o, controlo de acessos e protec\u00e7\u00e3o de participantes e convidados. Actuamos com profissionalismo e rigor, assegurando a ordem e a integridade de todos os envolvidos.<\/p>\t\t\t\t\t\t<\/div>\n\t\t\t\t<\/div>\n\t\t\t\t<div class=\"elementor-element elementor-element-db5ec22 elementor-align-center elementor-widget elementor-widget-ct_button\" data-id=\"db5ec22\" data-element_type=\"widget\" data-widget_type=\"ct_button.default\">\n\t\t\t\t<div class=\"elementor-widget-container\">\n\t\t\t<div class=\"ct-button-wrapper ct-button-layout1 icon- btn--inline \">\r\n            <span class=\"ct-icon-active\"><\/span>\r\n        <a href=\"https:\/\/gpsseguranca.ao\/index.php\/contact-v-4\/\" class=\"btn btn-default icon-active btn-inline-block  \" data-wow-delay=\"ms\">\r\n                            <span class=\"ct-button-icon ct-align-icon-\">\r\n                            <\/span>\r\n                <span class=\"ct-button-text\">Contate-nos hoje<\/span>\r\n    <\/a>\r\n<\/div>\t\t<\/div>\n\t\t\t\t<\/div>\n\t\t            <\/div>\n        <\/div>\n                <div class=\"elementor-column elementor-col-33 elementor-top-column elementor-element elementor-element-bad81b8 elementor-invisible\" data-id=\"bad81b8\" data-element_type=\"column\" data-settings=\"{&quot;animation&quot;:&quot;zoomIn&quot;,&quot;background_background&quot;:&quot;classic&quot;}\">\n        <div class=\"elementor-widget-wrap elementor-element-populated\">\n                    \n        \t\t<div class=\"elementor-element elementor-element-f20b31d elementor-widget elementor-widget-image\" data-id=\"f20b31d\" data-element_type=\"widget\" data-widget_type=\"image.default\">\n\t\t\t\t<div class=\"elementor-widget-container\">\n\t\t\t\t\t\t\t\t\t\t\t\t\t<img loading=\"lazy\" decoding=\"async\" width=\"600\" height=\"450\" src=\"https:\/\/gpsseguranca.ao\/wp-content\/uploads\/2025\/11\/ORE1666-compressed-600x450.jpeg\" class=\"attachment-consultio-medium size-consultio-medium wp-image-5880\" alt=\"\" \/>\t\t\t\t\t\t\t\t\t\t\t\t\t<\/div>\n\t\t\t\t<\/div>\n\t\t\t\t<div class=\"elementor-element elementor-element-3bfeaae elementor-widget elementor-widget-ct_heading\" data-id=\"3bfeaae\" data-element_type=\"widget\" data-widget_type=\"ct_heading.default\">\n\t\t\t\t<div class=\"elementor-widget-container\">\n\t\t\t<div class=\"ct-heading h-align-center  sub-style1 ct-heading-left item-st-default\">\r\n\t    <h4 class=\"item--title st-default \" data-wow-delay=\"ms\">\r\n                <span class=\"sp-main\">\r\n            \r\n            Seguran\u00e7a Eletr\u00f3nica\r\n            \r\n                    <\/span>\r\n            <\/h4>\r\n<\/div>\t\t<\/div>\n\t\t\t\t<\/div>\n\t\t\t\t<div class=\"elementor-element elementor-element-d0cb423 elementor-widget elementor-widget-text-editor\" data-id=\"d0cb423\" data-element_type=\"widget\" data-widget_type=\"text-editor.default\">\n\t\t\t\t<div class=\"elementor-widget-container\">\n\t\t\t\t\t\t\t&nbsp;\n<p style=\"text-align: justify; margin-bottom:11.3rem;\">Implementamos solu\u00e7\u00f5es de alta tecnologia, aliando inova\u00e7\u00e3o e efici\u00eancia para refor\u00e7ar a\nseguran\u00e7a de qualquer ambiente.<\/p>\t\t\t\t\t\t<\/div>\n\t\t\t\t<\/div>\n\t\t\t\t<div class=\"elementor-element elementor-element-a457729 elementor-align-center elementor-widget elementor-widget-ct_button\" data-id=\"a457729\" data-element_type=\"widget\" data-widget_type=\"ct_button.default\">\n\t\t\t\t<div class=\"elementor-widget-container\">\n\t\t\t<div class=\"ct-button-wrapper ct-button-layout1 icon- btn--inline \">\r\n            <span class=\"ct-icon-active\"><\/span>\r\n        <a href=\"https:\/\/gpsseguranca.ao\/index.php\/contact-v-4\/\" class=\"btn btn-default icon-active btn-inline-block  \" data-wow-delay=\"ms\">\r\n                            <span class=\"ct-button-icon ct-align-icon-\">\r\n                            <\/span>\r\n                <span class=\"ct-button-text\">Contate-nos hoje<\/span>\r\n    <\/a>\r\n<\/div>\t\t<\/div>\n\t\t\t\t<\/div>\n\t\t            <\/div>\n        <\/div>\n                    <\/div>\n        <\/section>\n        \t\t<\/div>\n\t\t","protected":false},"excerpt":{"rendered":"<p>Seguran\u00e7a F\u00edsica e Patrimonial Protegemos resid\u00eancias, escrit\u00f3rios, empresas e infraestruturas diversas com vigil\u00e2ncia 24h, controlo de acessos e presen\u00e7a de profissionais treinados. Os nossos servi\u00e7os s\u00e3o personalizados conforme o tipo de espa\u00e7o e o n\u00edvel de seguran\u00e7a necess\u00e1ria. Contate-nos hoje Escolta de Valores &nbsp; Garantimos o transporte seguro de dinheiro, documentos importantes, j\u00f3ias e outros [&hellip;]<\/p>\n","protected":false},"author":2,"featured_media":0,"parent":0,"menu_order":0,"comment_status":"closed","ping_status":"closed","template":"","meta":{"footnotes":""},"class_list":["post-409","page","type-page","status-publish","hentry"],"_links":{"self":[{"href":"https:\/\/gpsseguranca.ao\/index.php\/wp-json\/wp\/v2\/pages\/409","targetHints":{"allow":["GET"]}}],"collection":[{"href":"https:\/\/gpsseguranca.ao\/index.php\/wp-json\/wp\/v2\/pages"}],"about":[{"href":"https:\/\/gpsseguranca.ao\/index.php\/wp-json\/wp\/v2\/types\/page"}],"author":[{"embeddable":true,"href":"https:\/\/gpsseguranca.ao\/index.php\/wp-json\/wp\/v2\/users\/2"}],"replies":[{"embeddable":true,"href":"https:\/\/gpsseguranca.ao\/index.php\/wp-json\/wp\/v2\/comments?post=409"}],"version-history":[{"count":31,"href":"https:\/\/gpsseguranca.ao\/index.php\/wp-json\/wp\/v2\/pages\/409\/revisions"}],"predecessor-version":[{"id":6095,"href":"https:\/\/gpsseguranca.ao\/index.php\/wp-json\/wp\/v2\/pages\/409\/revisions\/6095"}],"wp:attachment":[{"href":"https:\/\/gpsseguranca.ao\/index.php\/wp-json\/wp\/v2\/media?parent=409"}],"curies":[{"name":"wp","href":"https:\/\/api.w.org\/{rel}","templated":true}]}}